{"id":3901,"date":"2024-06-17T18:38:54","date_gmt":"2024-06-17T18:38:54","guid":{"rendered":"https:\/\/atlanticqi.com\/?page_id=3901"},"modified":"2025-05-23T14:10:32","modified_gmt":"2025-05-23T14:10:32","slug":"atlantic-sostenible","status":"publish","type":"page","link":"https:\/\/atlanticqi.com\/en\/atlantic-sostenible\/","title":{"rendered":"Atlantic Sostenible"},"content":{"rendered":"<div data-elementor-type=\"wp-page\" data-elementor-id=\"3901\" class=\"elementor elementor-3901\" data-elementor-post-type=\"page\">\n\t\t\t\t<div class=\"elementor-element elementor-element-f0b883e e-flex e-con-boxed e-con e-parent\" data-id=\"f0b883e\" data-element_type=\"container\" data-settings=\"{&quot;background_background&quot;:&quot;classic&quot;}\">\n\t\t\t\t\t<div class=\"e-con-inner\">\n\t\t<div class=\"elementor-element elementor-element-71491a6 e-con-full e-flex e-con e-child\" data-id=\"71491a6\" data-element_type=\"container\">\n\t\t\t\t<div class=\"elementor-element elementor-element-e1116f2 elementor-absolute elementor-widget elementor-widget-image\" data-id=\"e1116f2\" data-element_type=\"widget\" data-settings=\"{&quot;_position&quot;:&quot;absolute&quot;}\" data-widget_type=\"image.default\">\n\t\t\t\t\t\t\t\t\t\t\t\t\t\t\t<img fetchpriority=\"high\" decoding=\"async\" width=\"477\" height=\"299\" src=\"https:\/\/atlanticqi.com\/wp-content\/uploads\/2025\/05\/personas-sostenibilidad.png\" class=\"attachment-full size-full wp-image-4343\" alt=\"\" srcset=\"https:\/\/atlanticqi.com\/wp-content\/uploads\/2025\/05\/personas-sostenibilidad.png 477w, https:\/\/atlanticqi.com\/wp-content\/uploads\/2025\/05\/personas-sostenibilidad-300x188.png 300w, https:\/\/atlanticqi.com\/wp-content\/uploads\/2025\/05\/personas-sostenibilidad-18x12.png 18w\" sizes=\"(max-width: 477px) 100vw, 477px\" \/>\t\t\t\t\t\t\t\t\t\t\t\t\t\t\t<\/div>\n\t\t\t\t<\/div>\n\t\t<div class=\"elementor-element elementor-element-b8533c7 e-con-full e-flex e-con e-child\" data-id=\"b8533c7\" data-element_type=\"container\" data-settings=\"{&quot;background_background&quot;:&quot;gradient&quot;}\">\n\t\t\t\t<div class=\"elementor-element elementor-element-20febbe elementor-widget elementor-widget-heading\" data-id=\"20febbe\" data-element_type=\"widget\" data-widget_type=\"heading.default\">\n\t\t\t\t\t<h2 class=\"elementor-heading-title elementor-size-default\">At Atlantic QI, we leave a mark for the future.<\/h2>\t\t\t\t<\/div>\n\t\t\t\t<div class=\"elementor-element elementor-element-c59046e elementor-widget elementor-widget-text-editor\" data-id=\"c59046e\" data-element_type=\"widget\" data-widget_type=\"text-editor.default\">\n\t\t\t\t\t\t\t\t\t<p>Conozca nuestro informe de sostenibilidad 2024 y c\u00f3mo desde Atlantic QI, trabajamos en armon\u00eda con el medioambiente, somos l\u00edderes en gobernanza y apoyamos a trav\u00e9s de programas sociales el bienestar y desarrollo de nuestros Atlanters.<\/p>\t\t\t\t\t\t\t\t<\/div>\n\t\t\t\t<\/div>\n\t\t\t\t\t<\/div>\n\t\t\t\t<\/div>\n\t\t<div class=\"elementor-element elementor-element-9f260de e-flex e-con-boxed e-con e-parent\" data-id=\"9f260de\" data-element_type=\"container\">\n\t\t\t\t\t<div class=\"e-con-inner\">\n\t\t<div class=\"elementor-element elementor-element-61adc15 e-con-full e-flex e-con e-child\" data-id=\"61adc15\" data-element_type=\"container\">\n\t\t\t\t<div class=\"elementor-element elementor-element-17a07ea elementor-widget elementor-widget-heading\" data-id=\"17a07ea\" data-element_type=\"widget\" data-widget_type=\"heading.default\">\n\t\t\t\t\t<h2 class=\"elementor-heading-title elementor-size-default\">View the full report here.<\/h2>\t\t\t\t<\/div>\n\t\t\t\t<div class=\"elementor-element elementor-element-28e73cc elementor-view-default elementor-widget elementor-widget-icon\" data-id=\"28e73cc\" data-element_type=\"widget\" data-widget_type=\"icon.default\">\n\t\t\t\t\t\t\t<div class=\"elementor-icon-wrapper\">\n\t\t\t<div class=\"elementor-icon\">\n\t\t\t<svg aria-hidden=\"true\" class=\"e-font-icon-svg e-fas-angle-down\" viewbox=\"0 0 320 512\" xmlns=\"http:\/\/www.w3.org\/2000\/svg\"><path d=\"M143 352.3L7 216.3c-9.4-9.4-9.4-24.6 0-33.9l22.6-22.6c9.4-9.4 24.6-9.4 33.9 0l96.4 96.4 96.4-96.4c9.4-9.4 24.6-9.4 33.9 0l22.6 22.6c9.4 9.4 9.4 24.6 0 33.9l-136 136c-9.2 9.4-24.4 9.4-33.8 0z\"><\/path><\/svg>\t\t\t<\/div>\n\t\t<\/div>\n\t\t\t\t\t\t<\/div>\n\t\t\t\t<div class=\"elementor-element elementor-element-d466bcf elementor-widget elementor-widget-text-editor\" data-id=\"d466bcf\" data-element_type=\"widget\" data-widget_type=\"text-editor.default\">\n\t\t\t\t\t\t\t\t\t<p>Consult the version in the language of your preference.<\/p>\t\t\t\t\t\t\t\t<\/div>\n\t\t\t\t<\/div>\n\t\t\t\t\t<\/div>\n\t\t\t\t<\/div>\n\t\t<div class=\"elementor-element elementor-element-2e46198 e-flex e-con-boxed e-con e-parent\" data-id=\"2e46198\" data-element_type=\"container\">\n\t\t\t\t\t<div class=\"e-con-inner\">\n\t\t<div class=\"elementor-element elementor-element-a0d079e e-con-full e-flex e-con e-child\" data-id=\"a0d079e\" data-element_type=\"container\">\n\t\t\t\t<div class=\"elementor-element elementor-element-c244ed1 elementor-widget elementor-widget-html\" data-id=\"c244ed1\" data-element_type=\"widget\" data-widget_type=\"html.default\">\n\t\t\t\t\t<iframe style=\"border: 1px solid #777;\" src=\"https:\/\/indd.adobe.com\/embed\/440d748f-26d3-42f5-bd77-9b63eda9a29a?startpage=1&allowFullscreen=true\" width=\"650px\" height=\"460px\" frameborder=\"0\" allowfullscreen=\"\"><\/iframe>\t\t\t\t<\/div>\n\t\t\t\t<div class=\"elementor-element elementor-element-29dedfd elementor-widget elementor-widget-text-editor\" data-id=\"29dedfd\" data-element_type=\"widget\" data-widget_type=\"text-editor.default\">\n\t\t\t\t\t\t\t\t\t<p>Spanish Version<\/p>\t\t\t\t\t\t\t\t<\/div>\n\t\t\t\t<\/div>\n\t\t<div class=\"elementor-element elementor-element-4e3bf38 e-con-full e-flex e-con e-child\" data-id=\"4e3bf38\" data-element_type=\"container\">\n\t\t\t\t<div class=\"elementor-element elementor-element-4d2bb16 elementor-widget elementor-widget-html\" data-id=\"4d2bb16\" data-element_type=\"widget\" data-widget_type=\"html.default\">\n\t\t\t\t\t<iframe style=\"border: 1px solid #777;\" src=\"https:\/\/indd.adobe.com\/embed\/1b0de8ba-660d-4678-81db-6b5ee7a8a4c2?startpage=1&allowFullscreen=true\" width=\"650px\" height=\"460px\" frameborder=\"0\" allowfullscreen=\"\"><\/iframe>\t\t\t\t<\/div>\n\t\t\t\t<div class=\"elementor-element elementor-element-d04d7dd elementor-widget elementor-widget-text-editor\" data-id=\"d04d7dd\" data-element_type=\"widget\" data-widget_type=\"text-editor.default\">\n\t\t\t\t\t\t\t\t\t<p>English Version<\/p>\t\t\t\t\t\t\t\t<\/div>\n\t\t\t\t<\/div>\n\t\t\t\t\t<\/div>\n\t\t\t\t<\/div>\n\t\t\t\t<\/div>","protected":false},"excerpt":{"rendered":"<p>En Atlantic QI Dejamos huella para el futuro. Conozca nuestro informe de sostenibilidad 2024 y c\u00f3mo desde Atlantic QI, trabajamos en armon\u00eda con el medioambiente, somos l\u00edderes en gobernanza y apoyamos a trav\u00e9s de programas sociales el bienestar y desarrollo de nuestros Atlanters. Vea el informe completo aqu\u00ed. Consulte la versi\u00f3n en el idioma de [&hellip;]<\/p>","protected":false},"author":1,"featured_media":0,"parent":0,"menu_order":0,"comment_status":"closed","ping_status":"closed","template":"","meta":{"footnotes":""},"class_list":["post-3901","page","type-page","status-publish","hentry"],"_links":{"self":[{"href":"https:\/\/atlanticqi.com\/en\/wp-json\/wp\/v2\/pages\/3901","targetHints":{"allow":["GET"]}}],"collection":[{"href":"https:\/\/atlanticqi.com\/en\/wp-json\/wp\/v2\/pages"}],"about":[{"href":"https:\/\/atlanticqi.com\/en\/wp-json\/wp\/v2\/types\/page"}],"author":[{"embeddable":true,"href":"https:\/\/atlanticqi.com\/en\/wp-json\/wp\/v2\/users\/1"}],"replies":[{"embeddable":true,"href":"https:\/\/atlanticqi.com\/en\/wp-json\/wp\/v2\/comments?post=3901"}],"version-history":[{"count":49,"href":"https:\/\/atlanticqi.com\/en\/wp-json\/wp\/v2\/pages\/3901\/revisions"}],"predecessor-version":[{"id":4351,"href":"https:\/\/atlanticqi.com\/en\/wp-json\/wp\/v2\/pages\/3901\/revisions\/4351"}],"wp:attachment":[{"href":"https:\/\/atlanticqi.com\/en\/wp-json\/wp\/v2\/media?parent=3901"}],"curies":[{"name":"wp","href":"https:\/\/api.w.org\/{rel}","templated":true}]}}