{"id":4195,"date":"2024-12-17T23:03:21","date_gmt":"2024-12-17T23:03:21","guid":{"rendered":"https:\/\/atlanticqi.com\/?page_id=4195"},"modified":"2024-12-17T23:05:49","modified_gmt":"2024-12-17T23:05:49","slug":"politica-de-innovacion","status":"publish","type":"page","link":"https:\/\/atlanticqi.com\/en\/politica-de-innovacion\/","title":{"rendered":"Innovation Policy"},"content":{"rendered":"<div data-elementor-type=\"wp-page\" data-elementor-id=\"4195\" class=\"elementor elementor-4195\" data-elementor-post-type=\"page\">\n\t\t\t\t<div class=\"elementor-element elementor-element-3b941d1 e-flex e-con-boxed e-con e-parent\" data-id=\"3b941d1\" data-element_type=\"container\">\n\t\t\t\t\t<div class=\"e-con-inner\">\n\t\t\t\t<div class=\"elementor-element elementor-element-671d81c elementor-widget elementor-widget-heading\" data-id=\"671d81c\" data-element_type=\"widget\" data-widget_type=\"heading.default\">\n\t\t\t\t\t<h2 class=\"elementor-heading-title elementor-size-default\">Innovation Policy<\/h2>\t\t\t\t<\/div>\n\t\t\t\t<div class=\"elementor-element elementor-element-c2420f2 elementor-widget elementor-widget-text-editor\" data-id=\"c2420f2\" data-element_type=\"widget\" data-widget_type=\"text-editor.default\">\n\t\t\t\t\t\t\t\t\t<div class=\"-a-29\"><div class=\"__title__ -P-30\" tabindex=\"-1\" aria-labelledby=\"FormTitleId_titleAriaId\"><div class=\"-lI-32\"><div class=\"-p_-31\"><div id=\"FormTitleId_titleAriaId\" class=\"-eJ-33\">\u00a0<\/div><\/div><\/div><\/div><\/div><div class=\"css-42\"><div id=\"question-list\" role=\"region\" aria-labelledby=\"QuestionId_r10da70d4f0fe4a1ea1ce9eed7f616a2f\"><div><div id=\"QuestionId_r10da70d4f0fe4a1ea1ce9eed7f616a2f\" class=\"-r-49\" aria-label=\"Innovation Policy\"><div class=\"-a-50\"><div class=\"-P-53\"><div class=\"-m-52\" role=\"heading\" aria-level=\"2\" data-automation-id=\"sectionTitle\">\u00a0<\/div><\/div><\/div><\/div><\/div><div class=\"css-54\" data-automation-id=\"questionItem\"><div id=\"QuestionId_rde03ae0c3506466c9ca3900f676e45d3\" class=\"-a-57\"><div class=\"-P-58\"><span class=\"-m-60\" data-automation-id=\"questionTitle\"><span role=\"heading\" aria-level=\"2\"><span class=\"-ht-62\" data-automation-id=\"questionOrdinal\" aria-hidden=\"false\">1.<\/span><span class=\"text-format-content\"><b>OBJETIVO:<\/b><br \/>Definir los lineamientos establecidos por la alta direcci\u00f3n respecto a los mecanismos y estrategias a implementar para motivar la innovaci\u00f3n organizacional.<br \/><\/span><\/span><\/span><\/div><div class=\"-kH-59\">\u00a0<\/div><\/div><div class=\"-bT-48\"><div class=\"-a-65\" role=\"radiogroup\" aria-labelledby=\"QuestionId_rde03ae0c3506466c9ca3900f676e45d3 QuestionInfo_rde03ae0c3506466c9ca3900f676e45d3\"><div class=\"-a-74\">\u00a0<\/div><\/div><\/div><\/div><div class=\"css-54\" data-automation-id=\"questionItem\"><div id=\"QuestionId_r7b2a36465abc4b0699c010305340da4e\" class=\"-a-57\"><div class=\"-P-58\"><span class=\"-m-60\" data-automation-id=\"questionTitle\"><span role=\"heading\" aria-level=\"2\"><span class=\"-ht-62\" data-automation-id=\"questionOrdinal\" aria-hidden=\"false\">2.<\/span><span class=\"text-format-content\"><b>ALCANCE:<\/b><br \/>Aplica para todos los procesos de Atlantic Quantum Innovations S.A.S. <br \/><\/span><\/span><\/span><\/div><div class=\"-kH-59\">\u00a0<\/div><\/div><div class=\"-bT-48\"><div class=\"-a-65\" role=\"radiogroup\" aria-labelledby=\"QuestionId_r7b2a36465abc4b0699c010305340da4e QuestionInfo_r7b2a36465abc4b0699c010305340da4e\"><div class=\"-a-74\">\u00a0<\/div><\/div><\/div><\/div><div class=\"css-54\" data-automation-id=\"questionItem\"><div id=\"QuestionId_r72495cffe7b24a3d802d0bd93c2deb00\" class=\"-a-57\"><div class=\"-P-58\"><span class=\"-m-60\" data-automation-id=\"questionTitle\"><span role=\"heading\" aria-level=\"2\"><span class=\"-ht-62\" data-automation-id=\"questionOrdinal\" aria-hidden=\"false\">3.<\/span><span class=\"text-format-content\"><b>POLITICA DE INNOVACI\u00d3N:<\/b><br \/>Desarrollar una gesti\u00f3n eficiente de los recursos y conocimientos disponibles, asegurando al mismo tiempo que las mejores pr\u00e1cticas se introduzcan de forma eficiente, logrando aportar ventajas competitivas para la organizaci\u00f3n al igual que beneficios a accionistas, clientes, empleados y otras partes interesadas.<\/span><\/span><\/span><\/div><div class=\"-kH-59\">\u00a0<\/div><\/div><div class=\"-bT-48\"><div class=\"-a-65\" role=\"radiogroup\" aria-labelledby=\"QuestionId_r72495cffe7b24a3d802d0bd93c2deb00 QuestionInfo_r72495cffe7b24a3d802d0bd93c2deb00\"><div class=\"-a-74\">\u00a0<\/div><\/div><\/div><\/div><div class=\"css-54\" data-automation-id=\"questionItem\"><div id=\"QuestionId_r17d602e401534b618b8109d2cfb107bd\" class=\"-a-57\"><div class=\"-P-58\"><span class=\"-m-60\" data-automation-id=\"questionTitle\"><span role=\"heading\" aria-level=\"2\"><span class=\"-ht-62\" data-automation-id=\"questionOrdinal\" aria-hidden=\"false\">4.<\/span><span class=\"text-format-content\"><i><b>PRINCIPIOS DE LA POLITICA DE INNOVACI\u00d3N :<\/b><\/i><br \/><i>Atlantic Quantum Innovations S.A.S.,<b> <\/b>en la b\u00fasqueda del cumplimiento de sus objetivos corporativos, los valores organizacionales y los compromisos pactados con los clientes, se permite emitir la presente pol\u00edtica, para impulsar al interior de la organizaci\u00f3n una cultura de innovaci\u00f3n que nos impulse a ser l\u00edderes en el Sector de Contact Center y BPO. La Pol\u00edtica de Innovaci\u00f3n se fundamenta en los siguientes principios.<br \/><br \/><b>4.1.\u2002\u2002<\/b>Colocar a la organizaci\u00f3n a la vanguardia de las nuevas tecnolog\u00edas, practicando una \u201ccultura innovadora\u201d y de alto desempe\u00f1o que impregne toda la organizaci\u00f3n y desarrolle ambientes de trabajo motivadores que favorezcan y premien la generaci\u00f3n de ideas y las pr\u00e1cticas innovadoras realizadas por los colaboradores, aceptando el riesgo y reconociendo las aportaciones creativas.<br \/><b><br \/>4.2.\u2002\u2002<\/b>Lograr innovaciones que favorezcan el crecimiento sostenible y la gesti\u00f3n eficiente de los recursos y contribuyan al desarrollo social y econ\u00f3mico del entorno en el que la organizaci\u00f3n realiza su actividad.<br \/><br \/><b>4.3.\u2002\u2002<\/b>Integrar la innovaci\u00f3n en todos los contenidos formativos de la empresa mediante cursos y programas espec\u00edficos de desarrollo de las capacidades relacionadas con la creatividad.<br \/><br \/><b>4.4.\u2002\u2002<\/b>Implantar, mantener y mejorar un sistema de gesti\u00f3n de la innovaci\u00f3n que incluya el establecimiento de metas y objetivos anuales dentro de un proceso de mejora continua, gestionando el capital humano e intelectual de la empresa como verdaderos soportes de todo el proceso creativo e innovador.<br \/><br \/><b>4.5.\u2002\u2002<\/b>Divulgar internamente el conocimiento generado, de manera que cada uno de los colaboradores conozcan las mejores pr\u00e1cticas aplicables a su actividad en la b\u00fasqueda de la eficiencia y eficacia en los procesos de la organizaci\u00f3n.<br \/><b>4.6.\u2002\u2002<\/b>Proteger los resultados del proceso de innovaci\u00f3n, gestionando adecuada y \u00e9ticamente la propiedad intelectual, lo que en todo caso implicar\u00e1 el respeto por los derechos de esta naturaleza propiedad de terceros.<br \/><br \/><b>4.7.\u2002\u2002<\/b>Potenciar innovaciones que aporten valor agregado para los usuarios finales de los servicios ofrecidos y aumenten la satisfacci\u00f3n de accionistas, clientes, empleados y otras partes interesadas.<\/i><\/span><\/span><\/span><\/div><\/div><\/div><\/div><\/div>\t\t\t\t\t\t\t\t<\/div>\n\t\t\t\t\t<\/div>\n\t\t\t\t<\/div>\n\t\t\t\t<\/div>","protected":false},"excerpt":{"rendered":"<p>Pol\u00edtica de Innovaci\u00f3n \u00a0\u00a01.OBJETIVO:Definir los lineamientos establecidos por la alta direcci\u00f3n respecto a los mecanismos y estrategias a implementar para motivar la innovaci\u00f3n organizacional.\u00a0\u00a02.ALCANCE:Aplica para todos los procesos de Atlantic Quantum Innovations S.A.S. \u00a0\u00a03.POLITICA DE INNOVACI\u00d3N:Desarrollar una gesti\u00f3n eficiente de los recursos y conocimientos disponibles, asegurando al mismo tiempo que las mejores pr\u00e1cticas se introduzcan [&hellip;]<\/p>","protected":false},"author":1,"featured_media":0,"parent":0,"menu_order":0,"comment_status":"closed","ping_status":"closed","template":"","meta":{"footnotes":""},"class_list":["post-4195","page","type-page","status-publish","hentry"],"_links":{"self":[{"href":"https:\/\/atlanticqi.com\/en\/wp-json\/wp\/v2\/pages\/4195","targetHints":{"allow":["GET"]}}],"collection":[{"href":"https:\/\/atlanticqi.com\/en\/wp-json\/wp\/v2\/pages"}],"about":[{"href":"https:\/\/atlanticqi.com\/en\/wp-json\/wp\/v2\/types\/page"}],"author":[{"embeddable":true,"href":"https:\/\/atlanticqi.com\/en\/wp-json\/wp\/v2\/users\/1"}],"replies":[{"embeddable":true,"href":"https:\/\/atlanticqi.com\/en\/wp-json\/wp\/v2\/comments?post=4195"}],"version-history":[{"count":4,"href":"https:\/\/atlanticqi.com\/en\/wp-json\/wp\/v2\/pages\/4195\/revisions"}],"predecessor-version":[{"id":4199,"href":"https:\/\/atlanticqi.com\/en\/wp-json\/wp\/v2\/pages\/4195\/revisions\/4199"}],"wp:attachment":[{"href":"https:\/\/atlanticqi.com\/en\/wp-json\/wp\/v2\/media?parent=4195"}],"curies":[{"name":"wp","href":"https:\/\/api.w.org\/{rel}","templated":true}]}}